{"id":1530,"date":"2021-04-10T12:10:42","date_gmt":"2021-04-10T10:10:42","guid":{"rendered":"http:\/\/pixelsquare.xyz\/index.php\/highlight-pro\/"},"modified":"2023-01-06T12:32:02","modified_gmt":"2023-01-06T11:32:02","slug":"highlight-pro","status":"publish","type":"page","link":"http:\/\/pixelsquare.xyz\/","title":{"rendered":"ACCUEIL"},"content":{"rendered":"<div  data-label=\"Content\" data-id=\"content--1\" data-export-id=\"content-7-mc\" data-category=\"content\" class=\"content-7-mc content-section content-section-spacing\" id=\"content-1\" style=\"background-color: rgb(255, 255, 255);\" data-bullets-visibility=\"true\"><div  class=\"gridContainer\"> <div  class=\"row middle-sm\"><div  class=\"col-sm-6 space-bottom-xs\" data-type=\"column\"> <h2  class=\"\"><span  id=\"_mce_caret\" data-mce-bogus=\"1\" data-mce-type=\"format-caret\"><span  style=\"font-weight: 300;\">\ufeff<\/span><\/span><br ><span  style=\"font-weight: 300;\">Virtualiser le r\u00e9el.<\/span><\/h2> <p  class=\"\" style=\"text-align: justify;\"><span  id=\"_mce_caret\" data-mce-bogus=\"1\" data-mce-type=\"format-caret\"><span ><span  style=\"font-weight: 600;\">L\u2019exploration du champ artistique que je poursuis prolonge le questionnement de la repr\u00e9sentation<\/span>.<br >\nL\u2019appareillage de mon travail ; video, photo, num\u00e9rique, nouveau m\u00e9dia, informatique, a pour principal enjeu de mettre le sujet au centre de mes cr\u00e9ations :<br >\nVille, architecture, flux urbains, nature, lumi\u00e8re et diff\u00e9rentes formes de repr\u00e9sentations inspir\u00e9es des arts anciens, vitraux, mosa\u00efques\u2026<br >\nLes possibilit\u00e9s offertes par ces outils high-tech et supports contemporains sont \u00e0 la fois nouvelles dans leur formes, dimensions, expressions.\n<br ><br >\nCe processus artistique implique 3 temporalit\u00e9s :<br >\n\u2022&nbsp;<span  style=\"font-weight: 600;\">Capture<\/span>&nbsp;photographique ou video.<br >\n\u2022&nbsp;<span  style=\"font-weight: 600;\">Cr\u00e9ation<\/span> assist\u00e9e par ordinateur et la sublimation virtuelle de mes captations.<br ><span >\u2022&nbsp;<\/span><span  style=\"font-weight: 600;\">Diffusion&nbsp;<\/span>le transport lumineux et souvent aussi sonore.\n<br >Multiples formes d\u2019\u00e9crans. Dualit\u00e9 image et son. Infinies possibilit\u00e9s de travail \/ transformation \/ transportation de l\u2019image, ouvrant un espace d\u2019exp\u00e9rimentations et de multiples interpr\u00e9tations, tout \u00e0 fait renouvel\u00e9. Images en mouvement. Images fixes. Supports multiples.\n<br ><br >\nMes choix de th\u00e9matiques et aussi de mises en forme sont constants, r\u00e9currents, progressivement \u00e9volutifs et accumulatifs.<br >\nLa sym\u00e9trie est reprise dans cette expression comme l\u2019\u00e9l\u00e9ment signifiant forc\u00e9ment l\u2019artefact, la perfection et le contre nature comme principe de d\u00e9part, le miroitement-clone, convulsif et r\u00e9p\u00e9titif, la mise en abyme pour processus de repr\u00e9sentation, le questionnement de la r\u00e9alit\u00e9, la d\u00e9mat\u00e9rialisation fantasmatique, l\u2019excessive imagerie, sa virtualisation, l\u2019image \u00e9cran, la folie du voir et surtout l\u2019inaccessible infini.<br >\nLes diff\u00e9rentes propositions plastiques qui s\u2019en suivent op\u00e8rent la mutation de ces r\u00e9alit\u00e9s capt\u00e9es, transform\u00e9es et finalement re_pr\u00e9sent\u00e9es dans des \u0153uvres-vaisseaux.\n<br ><br >\nCASPAR\u00a92021\ufeff<\/span><\/span><\/p> <\/div> <div  class=\"col-sm-6\" data-type=\"column\"> <a  data-cp-link=\"1\" href=\"#\" class=\"\"><img  class=\"shadow-large\" src=\"http:\/\/pixelsquare.xyz\/wp-content\/uploads\/2021\/03\/cropped-Caspar3-scaled-1.jpg\" title=\"cropped-Caspar3-scaled-1.jpg\" alt=\". .\"><\/a><\/div> <\/div><\/div> <\/div>","protected":false},"excerpt":{"rendered":"<p>\ufeffVirtualiser le r\u00e9el. L\u2019exploration du champ artistique que je poursuis prolonge le questionnement de la repr\u00e9sentation. L\u2019appareillage de mon travail ; video, photo, num\u00e9rique, nouveau m\u00e9dia, informatique, a pour principal enjeu de mettre le sujet au centre de mes cr\u00e9ations : Ville, architecture, flux urbains, nature, lumi\u00e8re et diff\u00e9rentes formes de repr\u00e9sentations inspir\u00e9es des arts&hellip; <br \/> <a class=\"read-more\" href=\"http:\/\/pixelsquare.xyz\/\">Lire la suite<\/a><\/p>\n","protected":false},"author":1,"featured_media":0,"parent":0,"menu_order":0,"comment_status":"closed","ping_status":"closed","template":"page-templates\/homepage.php","meta":[],"_links":{"self":[{"href":"http:\/\/pixelsquare.xyz\/index.php\/wp-json\/wp\/v2\/pages\/1530"}],"collection":[{"href":"http:\/\/pixelsquare.xyz\/index.php\/wp-json\/wp\/v2\/pages"}],"about":[{"href":"http:\/\/pixelsquare.xyz\/index.php\/wp-json\/wp\/v2\/types\/page"}],"author":[{"embeddable":true,"href":"http:\/\/pixelsquare.xyz\/index.php\/wp-json\/wp\/v2\/users\/1"}],"replies":[{"embeddable":true,"href":"http:\/\/pixelsquare.xyz\/index.php\/wp-json\/wp\/v2\/comments?post=1530"}],"version-history":[{"count":60,"href":"http:\/\/pixelsquare.xyz\/index.php\/wp-json\/wp\/v2\/pages\/1530\/revisions"}],"predecessor-version":[{"id":4566,"href":"http:\/\/pixelsquare.xyz\/index.php\/wp-json\/wp\/v2\/pages\/1530\/revisions\/4566"}],"wp:attachment":[{"href":"http:\/\/pixelsquare.xyz\/index.php\/wp-json\/wp\/v2\/media?parent=1530"}],"curies":[{"name":"wp","href":"https:\/\/api.w.org\/{rel}","templated":true}]}}