{"id":3734,"date":"2021-08-08T16:37:59","date_gmt":"2021-08-08T14:37:59","guid":{"rendered":"http:\/\/pixelsquare.xyz\/?page_id=3734"},"modified":"2023-01-12T19:03:17","modified_gmt":"2023-01-12T18:03:17","slug":"edition","status":"publish","type":"page","link":"http:\/\/pixelsquare.xyz\/index.php\/edition\/","title":{"rendered":"MEDIA > EDITION"},"content":{"rendered":"\n<div class=\"wp-block-media-text alignwide is-stacked-on-mobile is-vertically-aligned-center\" style=\"grid-template-columns:28% auto\"><figure class=\"wp-block-media-text__media\"><img loading=\"lazy\" width=\"725\" height=\"1024\" src=\"http:\/\/pixelsquare.xyz\/wp-content\/uploads\/2023\/01\/IMG-20230110-WA0000-725x1024.jpg\" alt=\". .\" class=\"wp-image-5300 size-medium\" srcset=\"http:\/\/pixelsquare.xyz\/wp-content\/uploads\/2023\/01\/IMG-20230110-WA0000-725x1024.jpg 725w, http:\/\/pixelsquare.xyz\/wp-content\/uploads\/2023\/01\/IMG-20230110-WA0000-212x300.jpg 212w, http:\/\/pixelsquare.xyz\/wp-content\/uploads\/2023\/01\/IMG-20230110-WA0000-106x150.jpg 106w, http:\/\/pixelsquare.xyz\/wp-content\/uploads\/2023\/01\/IMG-20230110-WA0000-768x1085.jpg 768w, http:\/\/pixelsquare.xyz\/wp-content\/uploads\/2023\/01\/IMG-20230110-WA0000-765x1080.jpg 765w, http:\/\/pixelsquare.xyz\/wp-content\/uploads\/2023\/01\/IMG-20230110-WA0000.jpg 883w\" sizes=\"(max-width: 725px) 100vw, 725px\" \/><\/figure><div class=\"wp-block-media-text__content\">\n<p style=\"font-size:22px\"><strong>FULL HOUSE&nbsp;<\/strong><\/p>\n\n\n\n<p><strong>Livre d&rsquo;art<\/strong><\/p>\n\n\n\n<p>ONE SPACE, TWO SHOWS, 307 ARTISTS, 400 PIECES FROM THE FR\u00c9D\u00c9RIC DE GOLDSCHMIDT COLLECTION <\/p>\n\n\n\n<p><meta charset=\"utf-8\">Pr\u00e9face&nbsp;:  <strong><em>Dirk Snauwaert<\/em><\/strong> \/ With contributions by <strong><em>Nicolas Bourriaud, Fr\u00e9d\u00e9ric De Goldschmidt, Christine Jamart, Agata Jastrzabek, Gr\u00e9gory Lang, Donatienne De S\u00e9journet, Dirk Snauwaert<\/em><\/strong>.<\/p>\n\n\n\n<p>Livret de photographies \u201cRemembering the past \u201c by <strong><em>Caspar<\/em><\/strong>.<\/p>\n\n\n\n<p>Edited by MERCATORFONDS \u2013 Bxl \u2013 2021<\/p>\n<\/div><\/div>\n\n\n\n<p class=\"has-white-color has-text-color\">\u2022<\/p>\n\n\n\n<div class=\"wp-block-media-text alignwide is-stacked-on-mobile is-vertically-aligned-center\" style=\"grid-template-columns:28% auto\"><figure class=\"wp-block-media-text__media\"><img loading=\"lazy\" width=\"300\" height=\"300\" src=\"http:\/\/pixelsquare.xyz\/wp-content\/uploads\/2021\/08\/COVER-ISTHERE-OK-2-300x300.jpg\" alt=\". .\" class=\"wp-image-3753 size-medium\" srcset=\"http:\/\/pixelsquare.xyz\/wp-content\/uploads\/2021\/08\/COVER-ISTHERE-OK-2-300x300.jpg 300w, http:\/\/pixelsquare.xyz\/wp-content\/uploads\/2021\/08\/COVER-ISTHERE-OK-2-150x150.jpg 150w, http:\/\/pixelsquare.xyz\/wp-content\/uploads\/2021\/08\/COVER-ISTHERE-OK-2-768x768.jpg 768w, http:\/\/pixelsquare.xyz\/wp-content\/uploads\/2021\/08\/COVER-ISTHERE-OK-2.jpg 827w\" sizes=\"(max-width: 300px) 100vw, 300px\" \/><\/figure><div class=\"wp-block-media-text__content\">\n<p><\/p>\n\n\n\n<p style=\"font-size:22px\"><strong>Is THERE&nbsp;?&nbsp;<\/strong><\/p>\n\n\n\n<p><strong>Triptyque video<\/strong><\/p>\n\n\n\n<p>FDG-PROJECTS \/ MUS\u00c9ES ROYAUX DES BEAUX-ARTS DE BRUXELLES<\/p>\n\n\n\n<p>Pr\u00e9face&nbsp;: La g\u00e9om\u00e9trie perturbante \u2013 <strong><em>Christine Buci-Glucksmann<\/em><\/strong> <\/p>\n\n\n\n<p>Book-catalogue &gt; 64 pages<\/p>\n\n\n\n<p>Edited by SmallisBeautiful \u2013 Bxl \u2013 2021<\/p>\n<\/div><\/div>\n\n\n\n<p><\/p>\n\n\n\n<div class=\"wp-block-media-text alignwide is-stacked-on-mobile is-vertically-aligned-center\" style=\"grid-template-columns:28% auto\"><figure class=\"wp-block-media-text__media\"><img loading=\"lazy\" width=\"850\" height=\"850\" src=\"http:\/\/pixelsquare.xyz\/wp-content\/uploads\/2021\/08\/COVER-P-D-MOV.jpg\" alt=\". .\" class=\"wp-image-3774 size-medium\" srcset=\"http:\/\/pixelsquare.xyz\/wp-content\/uploads\/2021\/08\/COVER-P-D-MOV.jpg 850w, http:\/\/pixelsquare.xyz\/wp-content\/uploads\/2021\/08\/COVER-P-D-MOV-300x300.jpg 300w, http:\/\/pixelsquare.xyz\/wp-content\/uploads\/2021\/08\/COVER-P-D-MOV-150x150.jpg 150w, http:\/\/pixelsquare.xyz\/wp-content\/uploads\/2021\/08\/COVER-P-D-MOV-768x768.jpg 768w\" sizes=\"(max-width: 850px) 100vw, 850px\" \/><\/figure><div class=\"wp-block-media-text__content\">\n<p><\/p>\n\n\n\n<p style=\"font-size:22px\"><strong><strong>P&amp;D.mov<\/strong><\/strong><\/p>\n\n\n\n<p><strong><strong>Les video-wallpapers<\/strong><\/strong><\/p>\n\n\n\n<p>PATTERN &amp; DECORATION.MOV \/ COLLECTIBLE DESIGN . VIP<\/p>\n\n\n\n<p>Pr\u00e9face&nbsp;: <em>(extrait)<\/em> Philosophie de l\u2019ornement \u2013 <strong><em>Christine Buci-Glucksmann<\/em><\/strong> <\/p>\n\n\n\n<p>Book-catalogue &gt; 64 pages<\/p>\n\n\n\n<p>Edited by SmallisBeautiful \u2013 Bxl \u2013 2021<\/p>\n<\/div><\/div>\n\n\n\n<p><\/p>\n\n\n\n<div class=\"wp-block-media-text alignwide is-stacked-on-mobile is-vertically-aligned-center\" style=\"grid-template-columns:37% auto\"><figure class=\"wp-block-media-text__media\"><img loading=\"lazy\" width=\"1080\" height=\"764\" src=\"http:\/\/pixelsquare.xyz\/wp-content\/uploads\/2021\/08\/COVER-IMA-GO-MUNDI-1080x764.jpg\" alt=\". .\" class=\"wp-image-3779 size-medium\" srcset=\"http:\/\/pixelsquare.xyz\/wp-content\/uploads\/2021\/08\/COVER-IMA-GO-MUNDI-1080x764.jpg 1080w, http:\/\/pixelsquare.xyz\/wp-content\/uploads\/2021\/08\/COVER-IMA-GO-MUNDI-300x212.jpg 300w, http:\/\/pixelsquare.xyz\/wp-content\/uploads\/2021\/08\/COVER-IMA-GO-MUNDI-150x106.jpg 150w, http:\/\/pixelsquare.xyz\/wp-content\/uploads\/2021\/08\/COVER-IMA-GO-MUNDI-768x543.jpg 768w, http:\/\/pixelsquare.xyz\/wp-content\/uploads\/2021\/08\/COVER-IMA-GO-MUNDI-1024x724.jpg 1024w, http:\/\/pixelsquare.xyz\/wp-content\/uploads\/2021\/08\/COVER-IMA-GO-MUNDI.jpg 1169w\" sizes=\"(max-width: 1080px) 100vw, 1080px\" \/><\/figure><div class=\"wp-block-media-text__content\">\n<p><\/p>\n\n\n\n<p style=\"font-size:22px\"><strong><strong><strong>IMA_GO_MUNDI&nbsp;<\/strong><\/strong><\/strong><\/p>\n\n\n\n<p><strong><strong>IMA-PARIS-MAPPING-VIDEO-ART<\/strong><\/strong><\/p>\n\n\n\n<p>Pr\u00e9face&nbsp;: <strong><em>Ma\u00eblle Delaplanche<\/em><\/strong><\/p>\n\n\n\n<p>ITW&nbsp;: <strong><em>Brigitte N\u00e9rou<\/em><\/strong> (Blog IMA) &#8211; 2019&nbsp;<\/p>\n\n\n\n<p>Book-catalogue &gt; 40 pages<\/p>\n\n\n\n<p>Edited by SmallisBeautiful \u2013 Bxl \u2013 2019<\/p>\n<\/div><\/div>\n\n\n\n<p><\/p>\n\n\n\n<div class=\"wp-block-media-text alignwide is-stacked-on-mobile is-vertically-aligned-center\" style=\"grid-template-columns:37% auto\"><figure class=\"wp-block-media-text__media\"><img loading=\"lazy\" width=\"1080\" height=\"761\" src=\"http:\/\/pixelsquare.xyz\/wp-content\/uploads\/2021\/08\/COVER-PARADIGM-E-1080x761.jpg\" alt=\". .\" class=\"wp-image-3786 size-medium\" srcset=\"http:\/\/pixelsquare.xyz\/wp-content\/uploads\/2021\/08\/COVER-PARADIGM-E-1080x761.jpg 1080w, http:\/\/pixelsquare.xyz\/wp-content\/uploads\/2021\/08\/COVER-PARADIGM-E-300x211.jpg 300w, http:\/\/pixelsquare.xyz\/wp-content\/uploads\/2021\/08\/COVER-PARADIGM-E-150x106.jpg 150w, http:\/\/pixelsquare.xyz\/wp-content\/uploads\/2021\/08\/COVER-PARADIGM-E-768x541.jpg 768w, http:\/\/pixelsquare.xyz\/wp-content\/uploads\/2021\/08\/COVER-PARADIGM-E-1024x721.jpg 1024w, http:\/\/pixelsquare.xyz\/wp-content\/uploads\/2021\/08\/COVER-PARADIGM-E.jpg 1201w\" sizes=\"(max-width: 1080px) 100vw, 1080px\" \/><\/figure><div class=\"wp-block-media-text__content\">\n<p><\/p>\n\n\n\n<p style=\"font-size:22px\"><strong><strong><strong><strong>Paradigm(e)&nbsp;<\/strong><\/strong><\/strong><\/strong><\/p>\n\n\n\n<p><strong><strong>Vers une nouvelle Folie du voir&nbsp;?<\/strong><\/strong><\/p>\n\n\n\n<p>Texte&nbsp;: <strong><em>Christine Buci-Glucksmann<\/em><\/strong>&nbsp;<\/p>\n\n\n\n<p>Book &gt; 136 pages<\/p>\n\n\n\n<p>Edited by SmallisBeautiful \u2013 Bxl \u2013 2017<\/p>\n<\/div><\/div>\n\n\n\n<p><\/p>\n\n\n\n<div class=\"wp-block-media-text alignwide is-stacked-on-mobile is-vertically-aligned-center\" style=\"grid-template-columns:37% auto\"><figure class=\"wp-block-media-text__media\"><img loading=\"lazy\" width=\"1080\" height=\"764\" src=\"http:\/\/pixelsquare.xyz\/wp-content\/uploads\/2021\/08\/COVER-ALL-OVER-1080x764.jpg\" alt=\". .\" class=\"wp-image-3790 size-medium\" srcset=\"http:\/\/pixelsquare.xyz\/wp-content\/uploads\/2021\/08\/COVER-ALL-OVER-1080x764.jpg 1080w, http:\/\/pixelsquare.xyz\/wp-content\/uploads\/2021\/08\/COVER-ALL-OVER-300x212.jpg 300w, http:\/\/pixelsquare.xyz\/wp-content\/uploads\/2021\/08\/COVER-ALL-OVER-150x106.jpg 150w, http:\/\/pixelsquare.xyz\/wp-content\/uploads\/2021\/08\/COVER-ALL-OVER-768x543.jpg 768w, http:\/\/pixelsquare.xyz\/wp-content\/uploads\/2021\/08\/COVER-ALL-OVER-1024x724.jpg 1024w, http:\/\/pixelsquare.xyz\/wp-content\/uploads\/2021\/08\/COVER-ALL-OVER.jpg 1169w\" sizes=\"(max-width: 1080px) 100vw, 1080px\" \/><\/figure><div class=\"wp-block-media-text__content\">\n<p><\/p>\n\n\n\n<p style=\"font-size:22px\"><strong><strong><strong><strong>all Over<\/strong><\/strong><\/strong><\/strong><\/p>\n\n\n\n<p><strong>A bespoke artwork<\/strong>&nbsp;<\/p>\n\n\n\n<p>Book-catalogue &gt; 70 pages<\/p>\n\n\n\n<p>Edited by SmallisBeautiful \u2013 Bxl \u2013 2017<\/p>\n<\/div><\/div>\n\n\n\n<p><\/p>\n\n\n\n<div class=\"wp-block-media-text alignwide is-stacked-on-mobile is-vertically-aligned-center\" style=\"grid-template-columns:37% auto\"><figure class=\"wp-block-media-text__media\"><img loading=\"lazy\" width=\"1080\" height=\"764\" src=\"http:\/\/pixelsquare.xyz\/wp-content\/uploads\/2021\/08\/COVER-FRACTALE-VISION-1080x764.jpg\" alt=\". .\" class=\"wp-image-3793 size-medium\" srcset=\"http:\/\/pixelsquare.xyz\/wp-content\/uploads\/2021\/08\/COVER-FRACTALE-VISION-1080x764.jpg 1080w, http:\/\/pixelsquare.xyz\/wp-content\/uploads\/2021\/08\/COVER-FRACTALE-VISION-300x212.jpg 300w, http:\/\/pixelsquare.xyz\/wp-content\/uploads\/2021\/08\/COVER-FRACTALE-VISION-150x106.jpg 150w, http:\/\/pixelsquare.xyz\/wp-content\/uploads\/2021\/08\/COVER-FRACTALE-VISION-768x543.jpg 768w, http:\/\/pixelsquare.xyz\/wp-content\/uploads\/2021\/08\/COVER-FRACTALE-VISION-1024x724.jpg 1024w, http:\/\/pixelsquare.xyz\/wp-content\/uploads\/2021\/08\/COVER-FRACTALE-VISION.jpg 1169w\" sizes=\"(max-width: 1080px) 100vw, 1080px\" \/><\/figure><div class=\"wp-block-media-text__content\">\n<p><\/p>\n\n\n\n<p style=\"font-size:22px\"><strong><strong><strong><strong><strong>Fractal(e) vision<\/strong><\/strong><\/strong><\/strong><\/strong><\/p>\n\n\n\n<p>Entretien avec&nbsp;: <strong><em>Pascale Lismonde<\/em><\/strong><\/p>\n\n\n\n<p>Book &gt; 128 pages<\/p>\n\n\n\n<p>Edited by SmallisBeautiful \u2013 Bxl \u2013 2016<\/p>\n<\/div><\/div>\n\n\n\n<p><\/p>\n\n\n\n<div class=\"wp-block-media-text alignwide is-stacked-on-mobile is-vertically-aligned-center\" style=\"grid-template-columns:37% auto\"><figure class=\"wp-block-media-text__media\"><img loading=\"lazy\" width=\"1080\" height=\"628\" src=\"http:\/\/pixelsquare.xyz\/wp-content\/uploads\/2021\/08\/COVERS-NUMERICAL-WORKS-1080x628.jpg\" alt=\". .\" class=\"wp-image-3797 size-medium\" srcset=\"http:\/\/pixelsquare.xyz\/wp-content\/uploads\/2021\/08\/COVERS-NUMERICAL-WORKS-1080x628.jpg 1080w, http:\/\/pixelsquare.xyz\/wp-content\/uploads\/2021\/08\/COVERS-NUMERICAL-WORKS-300x174.jpg 300w, http:\/\/pixelsquare.xyz\/wp-content\/uploads\/2021\/08\/COVERS-NUMERICAL-WORKS-150x87.jpg 150w, http:\/\/pixelsquare.xyz\/wp-content\/uploads\/2021\/08\/COVERS-NUMERICAL-WORKS-768x446.jpg 768w, http:\/\/pixelsquare.xyz\/wp-content\/uploads\/2021\/08\/COVERS-NUMERICAL-WORKS-1024x595.jpg 1024w, http:\/\/pixelsquare.xyz\/wp-content\/uploads\/2021\/08\/COVERS-NUMERICAL-WORKS.jpg 1220w\" sizes=\"(max-width: 1080px) 100vw, 1080px\" \/><\/figure><div class=\"wp-block-media-text__content\">\n<p><\/p>\n\n\n\n<p style=\"font-size:22px\"><strong><strong><strong><strong><strong><strong>NUMERICAL WORKS&nbsp;<\/strong><\/strong><\/strong><\/strong><\/strong><\/strong><\/p>\n\n\n\n<p><strong>SCAFFOLDING \/ TOP \/ MOL\u00c9CULAIRES \/ URBAN FLUXUS<\/strong><\/p>\n\n\n\n<p>Book &#8211; catalogue &gt; 74 pages<\/p>\n\n\n\n<p>R\u00e9\u00e9dition by SmallisBeautiful \u2013 Bxl \u2013 2021<\/p>\n<\/div><\/div>\n\n\n\n<p><\/p>\n\n\n\n<div class=\"wp-block-media-text alignwide is-stacked-on-mobile is-vertically-aligned-center\" style=\"grid-template-columns:37% auto\"><figure class=\"wp-block-media-text__media\"><img loading=\"lazy\" width=\"951\" height=\"673\" src=\"http:\/\/pixelsquare.xyz\/wp-content\/uploads\/2021\/08\/COVER-POOLS-1.jpg\" alt=\". .\" class=\"wp-image-3801 size-medium\" srcset=\"http:\/\/pixelsquare.xyz\/wp-content\/uploads\/2021\/08\/COVER-POOLS-1.jpg 951w, http:\/\/pixelsquare.xyz\/wp-content\/uploads\/2021\/08\/COVER-POOLS-1-300x212.jpg 300w, http:\/\/pixelsquare.xyz\/wp-content\/uploads\/2021\/08\/COVER-POOLS-1-150x106.jpg 150w, http:\/\/pixelsquare.xyz\/wp-content\/uploads\/2021\/08\/COVER-POOLS-1-768x543.jpg 768w\" sizes=\"(max-width: 951px) 100vw, 951px\" \/><\/figure><div class=\"wp-block-media-text__content\">\n<p><\/p>\n\n\n\n<p style=\"font-size:22px\"><strong><strong><strong><strong><strong>LOOPS<\/strong>\/<strong>POOLS <\/strong>CASPAR \/ HUREL<\/strong><\/strong><\/strong><\/strong><\/p>\n\n\n\n<p><strong>VIDEO-ART \/ MUSIQUE DE PHILIPPE HUREL<\/strong><\/p>\n\n\n\n<p>Entretien : <strong><em>Les Duophonies&nbsp;<\/em><\/strong><\/p>\n\n\n\n<p>Textes&nbsp;: VIDEOTOPOS &#8211; POOLS \/ GEN\u00c8SE de <strong><em>CASPAR<\/em><\/strong><\/p>\n\n\n\n<p>Book-catalogue &gt; 40 pages<\/p>\n\n\n\n<p>R\u00e9\u00e9dition by SmallisBeautiful \u2013 Bxl \u2013 2021<\/p>\n<\/div><\/div>\n","protected":false},"excerpt":{"rendered":"<p>FULL HOUSE&nbsp; Livre d&rsquo;art ONE SPACE, TWO SHOWS, 307 ARTISTS, 400 PIECES FROM THE FR\u00c9D\u00c9RIC DE GOLDSCHMIDT COLLECTION Pr\u00e9face&nbsp;: Dirk Snauwaert \/ With contributions by Nicolas Bourriaud, Fr\u00e9d\u00e9ric De Goldschmidt, Christine Jamart, Agata Jastrzabek, Gr\u00e9gory Lang, Donatienne De S\u00e9journet, Dirk Snauwaert. Livret de photographies \u201cRemembering the past \u201c by Caspar. Edited by MERCATORFONDS \u2013 Bxl&hellip; <br \/> <a class=\"read-more\" href=\"http:\/\/pixelsquare.xyz\/index.php\/edition\/\">Lire la suite<\/a><\/p>\n","protected":false},"author":1,"featured_media":0,"parent":0,"menu_order":0,"comment_status":"closed","ping_status":"closed","template":"page-templates\/page-with-left-sidebar.php","meta":[],"_links":{"self":[{"href":"http:\/\/pixelsquare.xyz\/index.php\/wp-json\/wp\/v2\/pages\/3734"}],"collection":[{"href":"http:\/\/pixelsquare.xyz\/index.php\/wp-json\/wp\/v2\/pages"}],"about":[{"href":"http:\/\/pixelsquare.xyz\/index.php\/wp-json\/wp\/v2\/types\/page"}],"author":[{"embeddable":true,"href":"http:\/\/pixelsquare.xyz\/index.php\/wp-json\/wp\/v2\/users\/1"}],"replies":[{"embeddable":true,"href":"http:\/\/pixelsquare.xyz\/index.php\/wp-json\/wp\/v2\/comments?post=3734"}],"version-history":[{"count":50,"href":"http:\/\/pixelsquare.xyz\/index.php\/wp-json\/wp\/v2\/pages\/3734\/revisions"}],"predecessor-version":[{"id":5351,"href":"http:\/\/pixelsquare.xyz\/index.php\/wp-json\/wp\/v2\/pages\/3734\/revisions\/5351"}],"wp:attachment":[{"href":"http:\/\/pixelsquare.xyz\/index.php\/wp-json\/wp\/v2\/media?parent=3734"}],"curies":[{"name":"wp","href":"https:\/\/api.w.org\/{rel}","templated":true}]}}